{"id":2753,"date":"2018-07-10T09:03:12","date_gmt":"2018-07-10T08:03:12","guid":{"rendered":"https:\/\/www.renocol.com\/?page_id=2753"},"modified":"2024-05-22T13:19:45","modified_gmt":"2024-05-22T12:19:45","slug":"data-retention-policy","status":"publish","type":"page","link":"https:\/\/www.renocol.com\/en\/data-retention-policy\/","title":{"rendered":"Data retention policy"},"content":{"rendered":"<h2 class=\"title-primary\">1. G\u00c9N\u00c9RALIT\u00c9S<\/h2>\n<p>Renocol (7, rue Pierre Salmon \u2013 51430 Bezannes), en sa qualit\u00e9 de responsable du traitement, attache une grande importance \u00e0 la protection et au respect de votre vie priv\u00e9e. La pr\u00e9sente politique vise \u00e0 vous informer de nos pratiques concernant la collecte, l\u2019utilisation et le partage des informations que vous \u00eates amen\u00e9s \u00e0 nous fournir par le biais de notre site internet (la \u00ab Site \u00bb). Renocol sera d\u00e9sign\u00e9e par la suite en tant que \u00ab Renocol \u00bb, \u00ab nous \u00bb ou \u00ab notre \u00bb.<\/p>\n<p>Cette politique (ainsi que nos Conditions g\u00e9n\u00e9rales d\u2019utilisation et tout document auquel il y est fait r\u00e9f\u00e9rence ainsi que notre Charte sur les Cookies) pr\u00e9sente la mani\u00e8re dont nous traitons les donn\u00e9es personnelles que nous recueillons et que vous nous fournissez. Nous vous invitons \u00e0 lire attentivement le pr\u00e9sent document pour conna\u00eetre et comprendre nos pratiques quant aux traitements de vos donn\u00e9es personnelles que nous mettons en \u0153uvre.<\/p>\n<h2 class=\"title-primary\">2. LES INFORMATIONS QUE NOUS RECUEILLONS<\/h2>\n<p>Nous sommes susceptibles de recueillir et de traiter les donn\u00e9es suivantes :<\/p>\n<h3 class=\"subtitle-primary\">2.1. LES INFORMATIONS QUE VOUS NOUS TRANSMETTEZ DIRECTEMENT<\/h3>\n<p>En utilisant notre Site, vous \u00eates amen\u00e9s \u00e0 nous transmettre des informations, dont certaines sont de nature \u00e0 vous identifier (\u00ab Donn\u00e9es Personnelles \u00bb). C\u2019est notamment le cas lorsque vous remplissez des formulaires, lorsque vous nous contactez \u2013 que ce soit par t\u00e9l\u00e9phone, email ou tout autre moyen de communication \u2013 ou lorsque vous nous faites part d\u2019un probl\u00e8me.<\/p>\n<p>Ces informations contiennent notamment les donn\u00e9es suivantes :<\/p>\n<p><b>2.1.1.<\/b>\u00a0Les donn\u00e9es n\u00e9cessaires \u00e0 l\u2019utilisation des services que nous fournissons sur notre Site ou \u00e0 l\u2019acc\u00e8s \u00e0 tout autre service fournis par nous. Ces donn\u00e9es sont notamment vos nom et pr\u00e9nom, adresse e-mail et num\u00e9ro de t\u00e9l\u00e9phone ;<\/p>\n<p><b>2.1.2.<\/b>\u00a0Une adresse postale ;<\/p>\n<p><b>2.1.3.<\/b>\u00a0Une copie de tous les \u00e9changes intervenus entre vous et Renocol ;<\/p>\n<p><b>2.1.4.<\/b>\u00a0Les donn\u00e9es que nous pouvons vous demander de fournir lorsque vous nous signalez un probl\u00e8me relatif \u00e0 nos services, comme par exemple l\u2019objet de votre demande d\u2019assistance ;<\/p>\n<h3 class=\"subtitle-primary\">2.2. LES DONN\u00c9ES QUE NOUS RECUEILLONS AUTOMATIQUEMENT<\/h3>\n<p><b>2.2.1.<\/b>\u00a0Dans le cas o\u00f9 vous vous connectez \u00e0 nos services en utilisant les fonctionnalit\u00e9s de r\u00e9seaux sociaux mises \u00e0 votre disposition, Renocol sera susceptibles de recueillir certaines de vos Donn\u00e9es Personnelles lorsque vous interagissez avec des fonctionnalit\u00e9s de ces r\u00e9seaux sociaux, tel que les fonctionnalit\u00e9s \u00ab J\u2019aime \u00bb.<\/p>\n<p><b>2.2.2.<\/b>\u00a0Lors de chacune de vos visites, nous sommes susceptibles de recueillir, conform\u00e9ment \u00e0 la l\u00e9gislation applicable et avec votre accord, le cas \u00e9ch\u00e9ant, des informations relatives aux appareils sur lesquels vous utilisez nos services ou aux r\u00e9seaux depuis lesquels vous acc\u00e9dez \u00e0 nos services, tels que notamment vos adresses IP, donn\u00e9es de connexion, types et versions de navigateurs internet utilis\u00e9s, types et versions des plugins de votre navigateur, syst\u00e8mes et plateformes d\u2019exploitation, donn\u00e9es concernant votre parcours de navigation sur notre Site, notamment votre parcours sur les diff\u00e9rentes pages URL de notre Site, le contenu auquel vous acc\u00e9dez ou que vous consultez, les termes de recherches utilis\u00e9s, les erreurs de t\u00e9l\u00e9chargement, la dur\u00e9e de consultation de certaines pages, l\u2019identifiant publicitaire de votre appareil, les interactions avec la page ainsi que tout num\u00e9ro du t\u00e9l\u00e9phone utilis\u00e9 pour nous contacter. Parmi les technologies utilis\u00e9es pour recueillir ces informations, nous avons notamment recours aux cookies (pour en savoir plus \u00e0 ce sujet, veuillez vous r\u00e9f\u00e9rer \u00e0 notre\u00a0<a href=\"https:\/\/www.renocol.com\/utilisation-des-cookies\">Charte sur les Cookies<\/a>).<\/p>\n<h3 class=\"subtitle-primary\">2.3. DUR\u00c9E DE CONSERVATION DE VOS DONN\u00c9ES<\/h3>\n<p><b>2.3.1.<\/b>\u00a0Vos Donn\u00e9es sont archiv\u00e9es \u00e0 l\u2019issue d\u2019une dur\u00e9e de 2 ans apr\u00e8s votre derni\u00e8re utilisation de notre Site.<\/p>\n<h2 class=\"title-primary\">3. COMMENT UTILISONS-NOUS LES DONN\u00c9ES QUE NOUS RECUEILLONS ?<\/h2>\n<p>Nous utilisons les donn\u00e9es que nous recueillons afin de:<\/p>\n<p><b>3.1.<\/b>\u00a0ex\u00e9cuter les contrats conclus entre vous et nous, et vous fournir les informations et services demand\u00e9s ;<\/p>\n<p><b>3.2.<\/b>\u00a0vous envoyer des renseignements sur nos services par e-mail ou tout autre moyen de communication ;<\/p>\n<p><b>3.3.<\/b>\u00a0vous envoyer, conform\u00e9ment aux dispositions l\u00e9gales applicables et avec votre accord lorsque la l\u00e9gislation l\u2019exige, des messages marketing, publicitaires et promotionnels et des informations relatives \u00e0 l\u2019utilisation de nos services, ou vous sugg\u00e9rer et vous conseiller des services susceptibles de vous int\u00e9resser. Nous sommes \u00e9galement susceptibles d\u2019utiliser vos donn\u00e9es pour vous adresser des messages publicitaires susceptibles de vous int\u00e9resser sur les plateformes de r\u00e9seaux sociaux ou sites de tiers. Si vous souhaitez davantage d\u2019informations \u00e0 ce sujet, nous vous invitons \u00e0 prendre connaissance des documents contractuels de ces plateformes ;<\/p>\n<p><b>3.4.<\/b>\u00a0afin de vous informer des modifications apport\u00e9es \u00e0 nos services ;<\/p>\n<p><b>3.5.<\/b>\u00a0am\u00e9liorer et optimiser notre Site, notamment pour nous assurer de ce que l\u2019affichage de nos contenus est adapt\u00e9 \u00e0 votre appareil ;<\/p>\n<p><b>3.6.<\/b>\u00a0vous permettre d\u2019utiliser les fonctionnalit\u00e9s interactives de nos services si vous le souhaitez ;<\/p>\n<h2 class=\"title-primary\">4. PUBLICIT\u00c9 CIBL\u00c9E ET E-MAILS QUE NOUS VOUS ENVOYONS<\/h2>\n<p>Conform\u00e9ment \u00e0 la l\u00e9gislation applicable et avec votre consentement lorsqu\u2019il est requis, nous pourrons utiliser les donn\u00e9es que vous nous fournissez sur notre Site \u00e0 des fins de prospection commerciale (par exemple pour (i) vous adresser nos newsletters, (ii) vous envoyer des invitations \u00e0 nos \u00e9v\u00e9nements ou toute autre communication susceptible de vous int\u00e9resser et (iii) afficher des publicit\u00e9s cibl\u00e9es sur les plateformes de m\u00e9dias sociaux ou sites tiers).<\/p>\n<p>En ce qui concerne les emails promotionnels : Vous pouvez \u00e0 tout moment retirer votre consentement en (i) d\u00e9cochant la case aff\u00e9rente dans votre compte, (ii) cliquant sur le lien de d\u00e9sinscription fourni dans chacune de nos communications ou (iii) en nous contactant selon les modalit\u00e9s d\u00e9crites \u00e0 l\u2019article 13 ci-dessous.<\/p>\n<p>En ce qui concerne la publicit\u00e9 cibl\u00e9e :<\/p>\n<ul>\n<li>Sur les plateformes de r\u00e9seaux sociaux (par exemple Facebook, Twitter): vous pouvez vous opposer \u00e0 tout moment \u00e0 ce traitement en configurant les param\u00e8tres relatifs \u00e0 la publicit\u00e9 de votre compte ;<\/li>\n<li>Sur des sites tiers: vous pouvez vous reporter \u00e0 notre Charte sur les Cookies pour comprendre comment retirer votre consentement.<\/li>\n<\/ul>\n<h2 class=\"title-primary\">5. COOKIES ET TECHNOLOGIES SEMBLABLES<\/h2>\n<p>Pour en savoir plus, consultez notre\u00a0<a href=\"https:\/\/www.renocol.com\/utilisation-des-cookies\">Charte sur les Cookies<\/a>.<\/p>\n<h2 class=\"title-primary\">6. LIENS VERS D\u2019AUTRES SITES INTERNET ET R\u00c9SEAUX SOCIAUX<\/h2>\n<p>Notre Sites contient des liens vers les sites internet de nos partenaires ou de soci\u00e9t\u00e9s tierces. Veuillez noter que ces sites internet ont leur propre politique de confidentialit\u00e9 et que nous d\u00e9clinons toute responsabilit\u00e9 quant \u00e0 l\u2019utilisation faite par ces sites des informations collect\u00e9es lorsque vous cliquez sur ces liens. Nous vous invitons \u00e0 prendre connaissance de politiques de confidentialit\u00e9 de ces sites avant de leur transmettre vos Donn\u00e9es Personnelles.<\/p>\n<h2 class=\"title-primary\">7. MODIFICATION DE NOTRE POLITIQUE DE CONFIDENTIALIT\u00c9<\/h2>\n<p>Nous pouvons \u00eatre amen\u00e9 \u00e0 modifier occasionnellement la pr\u00e9sente politique de confidentialit\u00e9. Lorsque cela est n\u00e9cessaire, nous vous en informerons et\/ou solliciterons votre accord. Nous vous conseillons de consulter r\u00e9guli\u00e8rement cette page pour prendre connaissance des \u00e9ventuelles modifications ou mises \u00e0 jour apport\u00e9es \u00e0 notre politique de confidentialit\u00e9.<\/p>\n<h2 class=\"title-primary\">8. CONTACT<\/h2>\n<p>Pour toute question relative \u00e0 la pr\u00e9sente politique de confidentialit\u00e9 ou pour toute demande relative \u00e0 vos donn\u00e9es personnelles, vous pouvez nous contacter en :<\/p>\n<ul>\n<li>adressant un email \u00e0 notre d\u00e9l\u00e9gu\u00e9 \u00e0 la protection des donn\u00e9es \u00e0 l\u2019adresse\u00a0<a href=\"mailto:info@renocol.fr\">info@renocol.fr<\/a><\/li>\n<li>en remplissant ce\u00a0<a href=\"https:\/\/www.renocol.com\/contact\/\">formulaire en ligne<\/a><\/li>\n<li>ou en nous adressant un courrier \u00e0 l\u2019adresse suivante : Renocol \u2013 A l\u2019attention du D\u00e9l\u00e9gu\u00e9 \u00e0 la Protection des Donn\u00e9es \u2013 7, rue Pierre Salmon \u2013 51430 Bezannes<\/li>\n<\/ul>\n","protected":false},"excerpt":{"rendered":"<p>1. G\u00c9N\u00c9RALIT\u00c9S Renocol (7, rue Pierre Salmon \u2013 51430 Bezannes), en sa qualit\u00e9 de responsable du traitement, attache une grande importance \u00e0 la protection et au respect de votre vie priv\u00e9e. La pr\u00e9sente politique vise \u00e0 vous informer de nos pratiques concernant la collecte, l\u2019utilisation et le partage des informations que vous \u00eates amen\u00e9s \u00e0&hellip;<\/p>\n","protected":false},"author":4,"featured_media":0,"parent":0,"menu_order":60,"comment_status":"closed","ping_status":"closed","template":"","meta":{"footnotes":""},"class_list":["post-2753","page","type-page","status-publish","hentry","description-off"],"yoast_head":"<!-- This site is optimized with the Yoast SEO plugin v27.5 - https:\/\/yoast.com\/product\/yoast-seo-wordpress\/ -->\n<title>Data retention policy - RENOCOL<\/title>\n<meta name=\"robots\" content=\"index, follow, max-snippet:-1, max-image-preview:large, max-video-preview:-1\" \/>\n<link rel=\"canonical\" href=\"https:\/\/www.renocol.com\/en\/data-retention-policy\/\" \/>\n<meta property=\"og:locale\" content=\"en_US\" \/>\n<meta property=\"og:type\" content=\"article\" \/>\n<meta property=\"og:title\" content=\"Data retention policy - RENOCOL\" \/>\n<meta property=\"og:description\" content=\"1. G\u00c9N\u00c9RALIT\u00c9S Renocol (7, rue Pierre Salmon \u2013 51430 Bezannes), en sa qualit\u00e9 de responsable du traitement, attache une grande importance \u00e0 la protection et au respect de votre vie priv\u00e9e. La pr\u00e9sente politique vise \u00e0 vous informer de nos pratiques concernant la collecte, l\u2019utilisation et le partage des informations que vous \u00eates amen\u00e9s \u00e0&hellip;\" \/>\n<meta property=\"og:url\" content=\"https:\/\/www.renocol.com\/en\/data-retention-policy\/\" \/>\n<meta property=\"og:site_name\" content=\"RENOCOL\" \/>\n<meta property=\"article:modified_time\" content=\"2024-05-22T12:19:45+00:00\" \/>\n<meta name=\"twitter:card\" content=\"summary_large_image\" \/>\n<meta name=\"twitter:label1\" content=\"Est. reading time\" \/>\n\t<meta name=\"twitter:data1\" content=\"6 minutes\" \/>\n<script type=\"application\/ld+json\" class=\"yoast-schema-graph\">{\"@context\":\"https:\\\/\\\/schema.org\",\"@graph\":[{\"@type\":\"WebPage\",\"@id\":\"https:\\\/\\\/www.renocol.com\\\/en\\\/data-retention-policy\\\/\",\"url\":\"https:\\\/\\\/www.renocol.com\\\/en\\\/data-retention-policy\\\/\",\"name\":\"Data retention policy - RENOCOL\",\"isPartOf\":{\"@id\":\"https:\\\/\\\/www.renocol.com\\\/#website\"},\"datePublished\":\"2018-07-10T08:03:12+00:00\",\"dateModified\":\"2024-05-22T12:19:45+00:00\",\"breadcrumb\":{\"@id\":\"https:\\\/\\\/www.renocol.com\\\/en\\\/data-retention-policy\\\/#breadcrumb\"},\"inLanguage\":\"en-US\",\"potentialAction\":[{\"@type\":\"ReadAction\",\"target\":[\"https:\\\/\\\/www.renocol.com\\\/en\\\/data-retention-policy\\\/\"]}]},{\"@type\":\"BreadcrumbList\",\"@id\":\"https:\\\/\\\/www.renocol.com\\\/en\\\/data-retention-policy\\\/#breadcrumb\",\"itemListElement\":[{\"@type\":\"ListItem\",\"position\":1,\"name\":\"Accueil\",\"item\":\"https:\\\/\\\/www.renocol.com\\\/en\\\/\"},{\"@type\":\"ListItem\",\"position\":2,\"name\":\"Data retention policy\"}]},{\"@type\":\"WebSite\",\"@id\":\"https:\\\/\\\/www.renocol.com\\\/#website\",\"url\":\"https:\\\/\\\/www.renocol.com\\\/\",\"name\":\"RENOCOL\",\"description\":\"Fabricant de joints et plaques d&#039;\u00e9changeurs\",\"publisher\":{\"@id\":\"https:\\\/\\\/www.renocol.com\\\/#organization\"},\"potentialAction\":[{\"@type\":\"SearchAction\",\"target\":{\"@type\":\"EntryPoint\",\"urlTemplate\":\"https:\\\/\\\/www.renocol.com\\\/?s={search_term_string}\"},\"query-input\":{\"@type\":\"PropertyValueSpecification\",\"valueRequired\":true,\"valueName\":\"search_term_string\"}}],\"inLanguage\":\"en-US\"},{\"@type\":\"Organization\",\"@id\":\"https:\\\/\\\/www.renocol.com\\\/#organization\",\"name\":\"Renocol\",\"url\":\"https:\\\/\\\/www.renocol.com\\\/\",\"logo\":{\"@type\":\"ImageObject\",\"inLanguage\":\"en-US\",\"@id\":\"https:\\\/\\\/www.renocol.com\\\/#\\\/schema\\\/logo\\\/image\\\/\",\"url\":\"https:\\\/\\\/www.renocol.com\\\/wp-content\\\/uploads\\\/2017\\\/01\\\/renocol-large.png\",\"contentUrl\":\"https:\\\/\\\/www.renocol.com\\\/wp-content\\\/uploads\\\/2017\\\/01\\\/renocol-large.png\",\"width\":500,\"height\":370,\"caption\":\"Renocol\"},\"image\":{\"@id\":\"https:\\\/\\\/www.renocol.com\\\/#\\\/schema\\\/logo\\\/image\\\/\"}}]}<\/script>\n<!-- \/ Yoast SEO plugin. -->","yoast_head_json":{"title":"Data retention policy - RENOCOL","robots":{"index":"index","follow":"follow","max-snippet":"max-snippet:-1","max-image-preview":"max-image-preview:large","max-video-preview":"max-video-preview:-1"},"canonical":"https:\/\/www.renocol.com\/en\/data-retention-policy\/","og_locale":"en_US","og_type":"article","og_title":"Data retention policy - RENOCOL","og_description":"1. G\u00c9N\u00c9RALIT\u00c9S Renocol (7, rue Pierre Salmon \u2013 51430 Bezannes), en sa qualit\u00e9 de responsable du traitement, attache une grande importance \u00e0 la protection et au respect de votre vie priv\u00e9e. La pr\u00e9sente politique vise \u00e0 vous informer de nos pratiques concernant la collecte, l\u2019utilisation et le partage des informations que vous \u00eates amen\u00e9s \u00e0&hellip;","og_url":"https:\/\/www.renocol.com\/en\/data-retention-policy\/","og_site_name":"RENOCOL","article_modified_time":"2024-05-22T12:19:45+00:00","twitter_card":"summary_large_image","twitter_misc":{"Est. reading time":"6 minutes"},"schema":{"@context":"https:\/\/schema.org","@graph":[{"@type":"WebPage","@id":"https:\/\/www.renocol.com\/en\/data-retention-policy\/","url":"https:\/\/www.renocol.com\/en\/data-retention-policy\/","name":"Data retention policy - RENOCOL","isPartOf":{"@id":"https:\/\/www.renocol.com\/#website"},"datePublished":"2018-07-10T08:03:12+00:00","dateModified":"2024-05-22T12:19:45+00:00","breadcrumb":{"@id":"https:\/\/www.renocol.com\/en\/data-retention-policy\/#breadcrumb"},"inLanguage":"en-US","potentialAction":[{"@type":"ReadAction","target":["https:\/\/www.renocol.com\/en\/data-retention-policy\/"]}]},{"@type":"BreadcrumbList","@id":"https:\/\/www.renocol.com\/en\/data-retention-policy\/#breadcrumb","itemListElement":[{"@type":"ListItem","position":1,"name":"Accueil","item":"https:\/\/www.renocol.com\/en\/"},{"@type":"ListItem","position":2,"name":"Data retention policy"}]},{"@type":"WebSite","@id":"https:\/\/www.renocol.com\/#website","url":"https:\/\/www.renocol.com\/","name":"RENOCOL","description":"Fabricant de joints et plaques d&#039;\u00e9changeurs","publisher":{"@id":"https:\/\/www.renocol.com\/#organization"},"potentialAction":[{"@type":"SearchAction","target":{"@type":"EntryPoint","urlTemplate":"https:\/\/www.renocol.com\/?s={search_term_string}"},"query-input":{"@type":"PropertyValueSpecification","valueRequired":true,"valueName":"search_term_string"}}],"inLanguage":"en-US"},{"@type":"Organization","@id":"https:\/\/www.renocol.com\/#organization","name":"Renocol","url":"https:\/\/www.renocol.com\/","logo":{"@type":"ImageObject","inLanguage":"en-US","@id":"https:\/\/www.renocol.com\/#\/schema\/logo\/image\/","url":"https:\/\/www.renocol.com\/wp-content\/uploads\/2017\/01\/renocol-large.png","contentUrl":"https:\/\/www.renocol.com\/wp-content\/uploads\/2017\/01\/renocol-large.png","width":500,"height":370,"caption":"Renocol"},"image":{"@id":"https:\/\/www.renocol.com\/#\/schema\/logo\/image\/"}}]}},"_links":{"self":[{"href":"https:\/\/www.renocol.com\/en\/wp-json\/wp\/v2\/pages\/2753","targetHints":{"allow":["GET"]}}],"collection":[{"href":"https:\/\/www.renocol.com\/en\/wp-json\/wp\/v2\/pages"}],"about":[{"href":"https:\/\/www.renocol.com\/en\/wp-json\/wp\/v2\/types\/page"}],"author":[{"embeddable":true,"href":"https:\/\/www.renocol.com\/en\/wp-json\/wp\/v2\/users\/4"}],"replies":[{"embeddable":true,"href":"https:\/\/www.renocol.com\/en\/wp-json\/wp\/v2\/comments?post=2753"}],"version-history":[{"count":2,"href":"https:\/\/www.renocol.com\/en\/wp-json\/wp\/v2\/pages\/2753\/revisions"}],"predecessor-version":[{"id":3007,"href":"https:\/\/www.renocol.com\/en\/wp-json\/wp\/v2\/pages\/2753\/revisions\/3007"}],"wp:attachment":[{"href":"https:\/\/www.renocol.com\/en\/wp-json\/wp\/v2\/media?parent=2753"}],"curies":[{"name":"wp","href":"https:\/\/api.w.org\/{rel}","templated":true}]}}